{"id":468,"date":"2018-10-23T15:19:40","date_gmt":"2018-10-23T13:19:40","guid":{"rendered":"https:\/\/www.innotivum.com\/rebuild\/?page_id=468"},"modified":"2018-12-29T12:31:35","modified_gmt":"2018-12-29T11:31:35","slug":"services","status":"publish","type":"page","link":"https:\/\/www.innotivum.com\/de\/services\/","title":{"rendered":"Leistungen"},"content":{"rendered":"<div class=\"wpb-content-wrapper\"><p>[vc_row][vc_column el_class=&#8220;inno&#8211;head-icon&#8220;][vc_icon icon_fontawesome=&#8220;fa fa-certificate&#8220; el_class=&#8220;inno&#8211;icon&#8220;][vc_custom_heading text=&#8220;Leistungen&#8220; font_container=&#8220;tag:h1|text_align:left&#8220; use_theme_fonts=&#8220;yes&#8220;][\/vc_column][\/vc_row][vc_row][vc_column][vc_column_text]Wir helfen Unternehmen mit SPMP (Software-Produkt-Management und Pricing) f\u00fcr jede Art von Software, sei es ein Software Produkt, Software-as-a-Service (SaaS), oder Software eingebettet in andere Produkte wie Maschinen oder Devices.[\/vc_column_text][\/vc_column][\/vc_row][vc_row][vc_column width=&#8220;1\/3&#8243;][vc_column_text]<\/p>\n<h3>SPM Management<\/h3>\n<p>[\/vc_column_text][vc_column_text]<\/p>\n<ul class=\"check\">\n<li><span class=\"li-text-content li-depth-1\">\u00a0Interim Management<\/span>\n<div class=\"clearfix\"><\/div>\n<\/li>\n<li><span class=\"li-text-content li-depth-1\">\u00a0Projektmanagement<\/span><\/li>\n<\/ul>\n<p>[\/vc_column_text][\/vc_column][vc_column width=&#8220;1\/3&#8243;][vc_column_text]<\/p>\n<h3>SPM Consulting und Coaching<\/h3>\n<p>[\/vc_column_text][vc_column_text]<\/p>\n<ul class=\"check\">\n<li><span class=\"li-text-content li-depth-1\"><a href=\"https:\/\/www.innotivum.com\/de\/audit\/\">SPM Audit<\/a><\/span>\n<div class=\"clearfix\"><\/div>\n<\/li>\n<li><span class=\"li-text-content li-depth-1\">Konzept und Organisation<\/span>\n<div class=\"clearfix\"><\/div>\n<\/li>\n<li><span class=\"li-text-content li-depth-1\">Preisgestaltung<\/span>\n<div class=\"clearfix\"><\/div>\n<\/li>\n<li><span class=\"li-text-content li-depth-1\">Business Process Management<\/span>\n<div class=\"clearfix\"><\/div>\n<\/li>\n<li><span class=\"li-text-content li-depth-1\">Requirements Management<\/span>\n<div class=\"clearfix\"><\/div>\n<\/li>\n<li><span class=\"li-text-content li-depth-1\">Partner-Auswahl und Management<\/span>\n<div class=\"clearfix\"><\/div>\n<\/li>\n<li><span class=\"li-text-content li-depth-1\">Umsetzungsmanagement<\/span>\n<div class=\"clearfix\"><\/div>\n<\/li>\n<li><span class=\"li-text-content li-depth-1\">Change Management<\/span>\n<div class=\"clearfix\"><\/div>\n<\/li>\n<li><span class=\"li-text-content li-depth-1\">Coaching<\/span><\/li>\n<\/ul>\n<p>[\/vc_column_text][\/vc_column][vc_column width=&#8220;1\/3&#8243;][vc_column_text]<\/p>\n<h3>SPM Ausbildung<\/h3>\n<p>[\/vc_column_text][vc_column_text]<\/p>\n<ul class=\"check\">\n<li><span class=\"li-text-content li-depth-1\"><a href=\"https:\/\/www.innotivum.com\/de\/education\/\" target=\"_self\">Training &amp; Zertifizierung<\/a><\/span>\n<div class=\"clearfix\"><\/div>\n<\/li>\n<li><span class=\"li-text-content li-depth-1\"><a href=\"https:\/\/www.innotivum.com\/de\/education\/executive-spm-workshop\/\">SPM Workshop f\u00fcr Gesch\u00e4ftsf\u00fchrer<\/a><\/span><\/li>\n<\/ul>\n<p>[\/vc_column_text][vc_column_text]<\/p>\n<h3>Software Business Training f\u00fcr Jedermann<\/h3>\n<p>[\/vc_column_text][vc_column_text]<\/p>\n<ul class=\"check\">\n<li><span class=\"li-text-content li-depth-1\"><a href=\"https:\/\/www.innotivum.com\/de\/education\/software-business-grundlagen\/\">Software\u00a0Business Grundlagen<\/a><\/span><\/li>\n<\/ul>\n<p>[\/vc_column_text][\/vc_column][\/vc_row]<\/p>\n<\/div>","protected":false},"excerpt":{"rendered":"<p>[vc_row][vc_column el_class=&#8220;inno&#8211;head-icon&#8220;][vc_icon icon_fontawesome=&#8220;fa fa-certificate&#8220; el_class=&#8220;inno&#8211;icon&#8220;][vc_custom_heading text=&#8220;Leistungen&#8220; font_container=&#8220;tag:h1|text_align:left&#8220; use_theme_fonts=&#8220;yes&#8220;][\/vc_column][\/vc_row][vc_row][vc_column][vc_column_text]Wir helfen Unternehmen mit SPMP (Software-Produkt-Management und Pricing) f\u00fcr jede Art von Software, sei es ein Software Produkt, Software-as-a-Service (SaaS), oder Software eingebettet in andere Produkte wie Maschinen oder Devices.[\/vc_column_text][\/vc_column][\/vc_row][vc_row][vc_column width=&#8220;1\/3&#8243;][vc_column_text] SPM Management [\/vc_column_text][vc_column_text] \u00a0Interim Management \u00a0Projektmanagement [\/vc_column_text][\/vc_column][vc_column width=&#8220;1\/3&#8243;][vc_column_text] SPM Consulting und Coaching [\/vc_column_text][vc_column_text] SPM Audit Konzept und [&hellip;]<\/p>\n","protected":false},"author":4,"featured_media":0,"parent":0,"menu_order":0,"comment_status":"closed","ping_status":"closed","template":"","meta":{"footnotes":""},"class_list":["post-468","page","type-page","status-publish","hentry"],"_links":{"self":[{"href":"https:\/\/www.innotivum.com\/de\/wp-json\/wp\/v2\/pages\/468","targetHints":{"allow":["GET"]}}],"collection":[{"href":"https:\/\/www.innotivum.com\/de\/wp-json\/wp\/v2\/pages"}],"about":[{"href":"https:\/\/www.innotivum.com\/de\/wp-json\/wp\/v2\/types\/page"}],"author":[{"embeddable":true,"href":"https:\/\/www.innotivum.com\/de\/wp-json\/wp\/v2\/users\/4"}],"replies":[{"embeddable":true,"href":"https:\/\/www.innotivum.com\/de\/wp-json\/wp\/v2\/comments?post=468"}],"version-history":[{"count":12,"href":"https:\/\/www.innotivum.com\/de\/wp-json\/wp\/v2\/pages\/468\/revisions"}],"predecessor-version":[{"id":1355,"href":"https:\/\/www.innotivum.com\/de\/wp-json\/wp\/v2\/pages\/468\/revisions\/1355"}],"wp:attachment":[{"href":"https:\/\/www.innotivum.com\/de\/wp-json\/wp\/v2\/media?parent=468"}],"curies":[{"name":"wp","href":"https:\/\/api.w.org\/{rel}","templated":true}]}}